{"id":2769,"date":"2024-02-13T12:03:53","date_gmt":"2024-02-13T10:03:53","guid":{"rendered":"http:\/\/gordotamayo.com\/?page_id=2769"},"modified":"2024-02-13T12:03:53","modified_gmt":"2024-02-13T10:03:53","slug":"politica-de-cookies","status":"publish","type":"page","link":"https:\/\/gordotamayo.com\/en\/politica-de-cookies\/","title":{"rendered":"Pol\u00edtica de cookies"},"content":{"rendered":"<p>[et_pb_section fb_built=\u00bb1&#8243; admin_label=\u00bbAbout Us\u00bb _builder_version=\u00bb4.16&#8243; custom_padding=\u00bb120px|0px||0px|false|false\u00bb global_colors_info=\u00bb{}\u00bb theme_builder_area=\u00bbpost_content\u00bb][et_pb_row _builder_version=\u00bb4.16&#8243; max_width=\u00bb960px\u00bb module_alignment=\u00bbcenter\u00bb use_custom_width=\u00bbon\u00bb custom_width_px=\u00bb960px\u00bb locked=\u00bboff\u00bb global_colors_info=\u00bb{}\u00bb theme_builder_area=\u00bbpost_content\u00bb][et_pb_column type=\u00bb4_4&#8243; _builder_version=\u00bb4.16&#8243; custom_padding=\u00bb|||\u00bb global_colors_info=\u00bb{}\u00bb custom_padding__hover=\u00bb|||\u00bb theme_builder_area=\u00bbpost_content\u00bb][et_pb_text admin_label=\u00bbTitle\u00bb _builder_version=\u00bb4.22.1&#8243; text_font=\u00bbLato||||||||\u00bb text_font_size=\u00bb20px\u00bb text_line_height=\u00bb1.8em\u00bb header_font=\u00bb||||||||\u00bb header_2_font=\u00bbTeko||||||||\u00bb header_2_font_size=\u00bb96px\u00bb text_orientation=\u00bbcenter\u00bb max_width=\u00bb750px\u00bb module_alignment=\u00bbcenter\u00bb custom_margin=\u00bb|||\u00bb hover_enabled=\u00bb0&#8243; header_2_font_size_tablet=\u00bb66px\u00bb header_2_font_size_phone=\u00bb36px\u00bb header_2_font_size_last_edited=\u00bbon|phone\u00bb global_colors_info=\u00bb{}\u00bb theme_builder_area=\u00bbpost_content\u00bb sticky_enabled=\u00bb0&#8243;]<\/p>\n<h2>Pol\u00edtica de cookies<\/h2>\n<p style=\"text-align: left;\"><strong>\u00bfQu\u00e9 son las cookies?<\/strong><\/p>\n<p style=\"text-align: left;\">Una cookie es un fichero que se descarga en su dispositivo al acceder a determinadas p\u00e1ginas web. Las cookies permiten a una p\u00e1gina web, entre otras cosas, almacenar y recuperar informaci\u00f3n sobre h\u00e1bitos de navegaci\u00f3n de un usuario o de su equipo y, dependiendo de la informaci\u00f3n que contengan y de la forma que utilice su equipo, pueden utilizarse para reconocer al usuario.<\/p>\n<p style=\"text-align: left;\"><strong>Tipo de cookies<\/strong><\/p>\n<p style=\"text-align: left;\">Seg\u00fan los distintos tipos de clasificaci\u00f3n:<\/p>\n<p style=\"text-align: left;\">1. Seg\u00fan quien sea la entidad que gestione el dominio desde donde se env\u00edan las cookies y trate los datos que se obtengan se pueden distinguir dos tipos:<\/p>\n<p style=\"text-align: left;\">&#8211;\u00a0\u00a0<span>\u00a0<\/span><strong>Cookies propias<\/strong>: son aquellas que se env\u00edan a tu equipo terminal desde nuestros propios equipos o dominios.<br \/>&#8211;\u00a0\u00a0<span>\u00a0<\/span><strong>Cookies de terceros<\/strong>: son aquellas que se env\u00edan a tu equipo terminal desde un equipo o dominio de otra entidad colaboradora.<\/p>\n<p style=\"text-align: left;\">2. Seg\u00fan el plazo de tiempo que permanecen almacenadas en el navegador del cliente, pudiendo tratarse de:<\/p>\n<p style=\"text-align: left;\">&#8211;\u00a0\u00a0<span>\u00a0<\/span><strong>Cookies de sesi\u00f3n<\/strong>: aquellas cookies activadas mientras el usuario accede a la p\u00e1gina web o para la prestaci\u00f3n del servicio solicitado.<br \/>&#8211;\u00a0\u00a0<span>\u00a0<\/span><strong>Cookies persistentes<\/strong>: aquellas cookies almacenadas por un tiempo determinado en el equipo terminal del usuario, para las que el responsable tiene acceso cuando el usuario se conecta a su p\u00e1gina web.<\/p>\n<p style=\"text-align: left;\">3. Seg\u00fan la finalidad para la que se traten los datos obtenidos:<\/p>\n<p style=\"text-align: left;\">&#8211;\u00a0\u00a0<span>\u00a0<\/span><strong>Cookies t\u00e9cnicas<\/strong>: aquellas cookies necesarias para el uso del sitio web y para la prestaci\u00f3n de servicios.<br \/>&#8211;\u00a0\u00a0<span>\u00a0<\/span><strong>Cookies de personalizaci\u00f3n<\/strong>: aqu\u00e9llas que permiten al usuario acceder al servicio con unas algunas caracter\u00edsticas de car\u00e1cter general predefinidas en funci\u00f3n de una serie de criterios en el terminal del usuario (idioma, tipo de navegador\u2026).<br \/>&#8211;\u00a0\u00a0<span>\u00a0<\/span><strong>Cookies de an\u00e1lisis<\/strong>: aqu\u00e9llas que permiten el seguimiento y an\u00e1lisis estad\u00edstico del comportamiento del conjunto de los usuarios de los sitios web a los que est\u00e1n vinculadas.<br \/>&#8211;\u00a0\u00a0<span>\u00a0<\/span><strong>Cookies publicitarias<\/strong>: aqu\u00e9llas que permiten la gesti\u00f3n de los espacios publicitarios en la p\u00e1gina web, aplicaci\u00f3n o plataforma desde la que se presta el servicio solicitado.<br \/>&#8211;\u00a0\u00a0<span>\u00a0<\/span><strong>Cookies de publicidad comportamental<\/strong>: aqu\u00e9llas que almacenan informaci\u00f3n del comportamiento de los usuarios obtenida a trav\u00e9s de los h\u00e1bitos de navegaci\u00f3n del usuario, lo que permite desarrollar un perfil espec\u00edfico para mostrar publicidad.<\/p>\n<p style=\"text-align: left;\"><strong>Cookies utilizadas en nuestro Sitio Web<\/strong><\/p>\n<p style=\"text-align: left;\">A continuaci\u00f3n se identifican las cookies que est\u00e1n siendo utilizadas en nuestro sitio web as\u00ed como su descripci\u00f3n, la duraci\u00f3n de almacenamiento y su titularidad:<\/p>\n<p style=\"text-align: left;\"><strong>Cookies t\u00e9cnicas y de personalizaci\u00f3n<\/strong><\/p>\n<p style=\"text-align: left;\">&#8211;\u00a0\u00a0 \u00a0ASP.NET_SessionId: Se genera por el servidor cada vez que se abre una sesi\u00f3n de usuario. Tienen la misma duraci\u00f3n que la sesi\u00f3n del usuario y es de titularidad propia<\/p>\n<p style=\"text-align: left;\"><strong>Cookies anal\u00edticas<\/strong><\/p>\n<p style=\"text-align: left;\">&#8211;\u00a0\u00a0 \u00a0_gat_gtag_UA_4572453_2, _ga, _gi: Son utilizadas para elaborar perfiles de navegaci\u00f3n y poder conocer las preferencias de los usuarios del mismo con el fin de mejorar la oferta de productos y servicios.<span>\u00a0<\/span><a data-cke-saved-href=\"https:\/\/developers.google.com\/analytics\/devguides\/collection\/analyticsjs\/cookie-usage?hl=es\" href=\"https:\/\/developers.google.com\/analytics\/devguides\/collection\/analyticsjs\/cookie-usage?hl=es\">M\u00e1s informaci\u00f3n<\/a>. Estas cookies son persistentes y de titularidad de terceros.<\/p>\n<p style=\"text-align: left;\">La presente Pol\u00edtica de Cookies podr\u00e1 ser objeto de modificaciones, por lo que se recomienda al usuario que la consulte cada vez que acceda al sitio web.<\/p>\n<p style=\"text-align: left;\"><strong>\u00bfC\u00f3mo puedo desactivar o eliminar estas cookies?<\/strong><\/p>\n<p style=\"text-align: left;\">Puede usted permitir, bloquear o eliminar las cookies instaladas en su equipo mediante la configuraci\u00f3n de las opciones del navegador instalado en su dispositivo accediendo a los siguientes enlaces.<\/p>\n<p style=\"text-align: left;\"><a data-cke-saved-href=\"https:\/\/support.mozilla.org\/es\/kb\/cookies-informacion-que-los-sitios-web-guardan-en-?redirectlocale=en-US&amp;redirectslug=Cookies\" href=\"https:\/\/support.mozilla.org\/es\/kb\/cookies-informacion-que-los-sitios-web-guardan-en-?redirectlocale=en-US&amp;redirectslug=Cookies\">Mozilla Firefox<\/a><br \/><a data-cke-saved-href=\"https:\/\/support.microsoft.com\/es-es\/help\/17442\/windows-internet-explorer-delete-manage-cookies#ie=ie-11\" href=\"https:\/\/support.microsoft.com\/es-es\/help\/17442\/windows-internet-explorer-delete-manage-cookies#ie=ie-11\">Internet Explorer (Versi\u00f3n 11)<\/a><br \/><a data-cke-saved-href=\"https:\/\/support.microsoft.com\/es-es\/help\/17442\/windows-internet-explorer-delete-manage-cookies#ie=ie-10\" href=\"https:\/\/support.microsoft.com\/es-es\/help\/17442\/windows-internet-explorer-delete-manage-cookies#ie=ie-10\">Internet Explorer (Versi\u00f3n 10)<\/a><br \/><a data-cke-saved-href=\"https:\/\/support.microsoft.com\/es-es\/help\/17442\/windows-internet-explorer-delete-manage-cookies\" href=\"https:\/\/support.microsoft.com\/es-es\/help\/17442\/windows-internet-explorer-delete-manage-cookies\">Internet Explorer (Versi\u00f3n 9)<\/a><br \/><a data-cke-saved-href=\"https:\/\/support.microsoft.com\/es-es\/help\/17442\/windows-internet-explorer-delete-manage-cookies\" href=\"https:\/\/support.microsoft.com\/es-es\/help\/17442\/windows-internet-explorer-delete-manage-cookies\">Internet Explorer (Versi\u00f3n 7 &amp; 8)<\/a><br \/><a data-cke-saved-href=\"https:\/\/support.microsoft.com\/es-es\/help\/283185\/how-to-manage-cookies-in-internet-explorer-6\" href=\"https:\/\/support.microsoft.com\/es-es\/help\/283185\/how-to-manage-cookies-in-internet-explorer-6\">Internet Explorer (Versi\u00f3n 6)<\/a><br \/><a data-cke-saved-href=\"https:\/\/help.opera.com\/en\/latest\/web-preferences\/#cookies\" href=\"https:\/\/help.opera.com\/en\/latest\/web-preferences\/#cookies\">Opera<\/a><br \/><a data-cke-saved-href=\"https:\/\/support.apple.com\/kb\/PH5042?locale=es_ES\" href=\"https:\/\/support.apple.com\/kb\/PH5042?locale=es_ES\">Safari web<\/a><br \/><a data-cke-saved-href=\"https:\/\/support.apple.com\/es-es\/HT201265\" href=\"https:\/\/support.apple.com\/es-es\/HT201265\">Safari IOS<\/a><\/p>\n<p>[\/et_pb_text][\/et_pb_column][\/et_pb_row][\/et_pb_section]<\/p>","protected":false},"excerpt":{"rendered":"<p>Pol\u00edtica de cookies \u00bfQu\u00e9 son las cookies? Una cookie es un fichero que se descarga en su dispositivo al acceder a determinadas p\u00e1ginas web. Las cookies permiten a una p\u00e1gina web, entre otras cosas, almacenar y recuperar informaci\u00f3n sobre h\u00e1bitos de navegaci\u00f3n de un usuario o de su equipo y, dependiendo de la informaci\u00f3n que [&hellip;]<\/p>","protected":false},"author":1,"featured_media":0,"parent":0,"menu_order":0,"comment_status":"closed","ping_status":"closed","template":"","meta":{"_et_pb_use_builder":"on","_et_pb_old_content":"","_et_gb_content_width":"","footnotes":""},"class_list":["post-2769","page","type-page","status-publish","hentry"],"yoast_head":"<!-- This site is optimized with the Yoast SEO plugin v24.5 - https:\/\/yoast.com\/wordpress\/plugins\/seo\/ -->\n<title>Pol\u00edtica de cookies - Gordo Tamayo<\/title>\n<meta name=\"robots\" content=\"index, follow, max-snippet:-1, max-image-preview:large, max-video-preview:-1\" \/>\n<link rel=\"canonical\" href=\"https:\/\/gordotamayo.com\/en\/politica-de-cookies\/\" \/>\n<meta property=\"og:locale\" content=\"en_GB\" \/>\n<meta property=\"og:type\" content=\"article\" \/>\n<meta property=\"og:title\" content=\"Pol\u00edtica de cookies - Gordo Tamayo\" \/>\n<meta property=\"og:description\" content=\"Pol\u00edtica de cookies \u00bfQu\u00e9 son las cookies? Una cookie es un fichero que se descarga en su dispositivo al acceder a determinadas p\u00e1ginas web. Las cookies permiten a una p\u00e1gina web, entre otras cosas, almacenar y recuperar informaci\u00f3n sobre h\u00e1bitos de navegaci\u00f3n de un usuario o de su equipo y, dependiendo de la informaci\u00f3n que [&hellip;]\" \/>\n<meta property=\"og:url\" content=\"https:\/\/gordotamayo.com\/en\/politica-de-cookies\/\" \/>\n<meta property=\"og:site_name\" content=\"Gordo Tamayo\" \/>\n<meta name=\"twitter:card\" content=\"summary_large_image\" \/>\n<meta name=\"twitter:label1\" content=\"Estimated reading time\" \/>\n\t<meta name=\"twitter:data1\" content=\"4 minutes\" \/>\n<script type=\"application\/ld+json\" class=\"yoast-schema-graph\">{\"@context\":\"https:\/\/schema.org\",\"@graph\":[{\"@type\":\"WebPage\",\"@id\":\"https:\/\/gordotamayo.com\/politica-de-cookies\/\",\"url\":\"https:\/\/gordotamayo.com\/politica-de-cookies\/\",\"name\":\"Pol\u00edtica de cookies - Gordo Tamayo\",\"isPartOf\":{\"@id\":\"https:\/\/gordotamayo.com\/#website\"},\"datePublished\":\"2024-02-13T10:03:53+00:00\",\"breadcrumb\":{\"@id\":\"https:\/\/gordotamayo.com\/politica-de-cookies\/#breadcrumb\"},\"inLanguage\":\"en-GB\",\"potentialAction\":[{\"@type\":\"ReadAction\",\"target\":[\"https:\/\/gordotamayo.com\/politica-de-cookies\/\"]}]},{\"@type\":\"BreadcrumbList\",\"@id\":\"https:\/\/gordotamayo.com\/politica-de-cookies\/#breadcrumb\",\"itemListElement\":[{\"@type\":\"ListItem\",\"position\":1,\"name\":\"Portada\",\"item\":\"https:\/\/gordotamayo.com\/\"},{\"@type\":\"ListItem\",\"position\":2,\"name\":\"Pol\u00edtica de cookies\"}]},{\"@type\":\"WebSite\",\"@id\":\"https:\/\/gordotamayo.com\/#website\",\"url\":\"https:\/\/gordotamayo.com\/\",\"name\":\"Gordo Tamayo\",\"description\":\"Instalacion de Calefacci\u00f3n, Fontaneria, Gas, Climatizacion y Aerot\u00e9rmia.\",\"potentialAction\":[{\"@type\":\"SearchAction\",\"target\":{\"@type\":\"EntryPoint\",\"urlTemplate\":\"https:\/\/gordotamayo.com\/?s={search_term_string}\"},\"query-input\":{\"@type\":\"PropertyValueSpecification\",\"valueRequired\":true,\"valueName\":\"search_term_string\"}}],\"inLanguage\":\"en-GB\"}]}<\/script>\n<!-- \/ Yoast SEO plugin. -->","yoast_head_json":{"title":"Pol\u00edtica de cookies - Gordo Tamayo","robots":{"index":"index","follow":"follow","max-snippet":"max-snippet:-1","max-image-preview":"max-image-preview:large","max-video-preview":"max-video-preview:-1"},"canonical":"https:\/\/gordotamayo.com\/en\/politica-de-cookies\/","og_locale":"en_GB","og_type":"article","og_title":"Pol\u00edtica de cookies - Gordo Tamayo","og_description":"Pol\u00edtica de cookies \u00bfQu\u00e9 son las cookies? Una cookie es un fichero que se descarga en su dispositivo al acceder a determinadas p\u00e1ginas web. Las cookies permiten a una p\u00e1gina web, entre otras cosas, almacenar y recuperar informaci\u00f3n sobre h\u00e1bitos de navegaci\u00f3n de un usuario o de su equipo y, dependiendo de la informaci\u00f3n que [&hellip;]","og_url":"https:\/\/gordotamayo.com\/en\/politica-de-cookies\/","og_site_name":"Gordo Tamayo","twitter_card":"summary_large_image","twitter_misc":{"Estimated reading time":"4 minutes"},"schema":{"@context":"https:\/\/schema.org","@graph":[{"@type":"WebPage","@id":"https:\/\/gordotamayo.com\/politica-de-cookies\/","url":"https:\/\/gordotamayo.com\/politica-de-cookies\/","name":"Pol\u00edtica de cookies - Gordo Tamayo","isPartOf":{"@id":"https:\/\/gordotamayo.com\/#website"},"datePublished":"2024-02-13T10:03:53+00:00","breadcrumb":{"@id":"https:\/\/gordotamayo.com\/politica-de-cookies\/#breadcrumb"},"inLanguage":"en-GB","potentialAction":[{"@type":"ReadAction","target":["https:\/\/gordotamayo.com\/politica-de-cookies\/"]}]},{"@type":"BreadcrumbList","@id":"https:\/\/gordotamayo.com\/politica-de-cookies\/#breadcrumb","itemListElement":[{"@type":"ListItem","position":1,"name":"Portada","item":"https:\/\/gordotamayo.com\/"},{"@type":"ListItem","position":2,"name":"Pol\u00edtica de cookies"}]},{"@type":"WebSite","@id":"https:\/\/gordotamayo.com\/#website","url":"https:\/\/gordotamayo.com\/","name":"Gordo Tamayo","description":"Instalacion de Calefacci\u00f3n, Fontaneria, Gas, Climatizacion y Aerot\u00e9rmia.","potentialAction":[{"@type":"SearchAction","target":{"@type":"EntryPoint","urlTemplate":"https:\/\/gordotamayo.com\/?s={search_term_string}"},"query-input":{"@type":"PropertyValueSpecification","valueRequired":true,"valueName":"search_term_string"}}],"inLanguage":"en-GB"}]}},"_links":{"self":[{"href":"https:\/\/gordotamayo.com\/en\/wp-json\/wp\/v2\/pages\/2769","targetHints":{"allow":["GET"]}}],"collection":[{"href":"https:\/\/gordotamayo.com\/en\/wp-json\/wp\/v2\/pages"}],"about":[{"href":"https:\/\/gordotamayo.com\/en\/wp-json\/wp\/v2\/types\/page"}],"author":[{"embeddable":true,"href":"https:\/\/gordotamayo.com\/en\/wp-json\/wp\/v2\/users\/1"}],"replies":[{"embeddable":true,"href":"https:\/\/gordotamayo.com\/en\/wp-json\/wp\/v2\/comments?post=2769"}],"version-history":[{"count":2,"href":"https:\/\/gordotamayo.com\/en\/wp-json\/wp\/v2\/pages\/2769\/revisions"}],"predecessor-version":[{"id":2772,"href":"https:\/\/gordotamayo.com\/en\/wp-json\/wp\/v2\/pages\/2769\/revisions\/2772"}],"wp:attachment":[{"href":"https:\/\/gordotamayo.com\/en\/wp-json\/wp\/v2\/media?parent=2769"}],"curies":[{"name":"wp","href":"https:\/\/api.w.org\/{rel}","templated":true}]}}